{"id":10113,"date":"2022-11-30T14:00:26","date_gmt":"2022-11-30T14:00:26","guid":{"rendered":"https:\/\/invekta.rs\/frequently-asked-questions\/"},"modified":"2024-04-15T23:27:59","modified_gmt":"2024-04-15T23:27:59","slug":"frequently-asked-questions","status":"publish","type":"page","link":"https:\/\/invekta.rs\/en\/frequently-asked-questions\/","title":{"rendered":"Frequently asked questions"},"content":{"rendered":"<p>[et_pb_section fb_built=&#8221;1&#8243; admin_label=&#8221;section&#8221; _builder_version=&#8221;4.19.4&#8243; custom_margin=&#8221;0px||||false|false&#8221; custom_padding=&#8221;0px|24px||24px|false|true&#8221; global_colors_info=&#8221;{}&#8221;][et_pb_row _builder_version=&#8221;4.19.4&#8243; _module_preset=&#8221;default&#8221; width=&#8221;100%&#8221; global_colors_info=&#8221;{}&#8221;][et_pb_column type=&#8221;4_4&#8243; _builder_version=&#8221;4.19.4&#8243; _module_preset=&#8221;default&#8221; global_colors_info=&#8221;{}&#8221;][et_pb_accordion closed_toggle_background_color=&#8221;#f9f9f9&#8243; toggle_icon=&#8221;&#xf078;||fa||900&#8243; icon_color=&#8221;#1a79bd&#8221; _builder_version=&#8221;4.24.0&#8243; _module_preset=&#8221;default&#8221; border_color_all=&#8221;#1a79bd&#8221; global_colors_info=&#8221;{}&#8221;][et_pb_accordion_item title=&#8221;1. WHAT IS FACILITY MANAGEMENT?&#8221; open=&#8221;on&#8221; _builder_version=&#8221;4.19.4&#8243; _module_preset=&#8221;default&#8221; global_colors_info=&#8221;{}&#8221;]<\/p>\n<p>Facility management means the maintenance and management services of business facilities in order to ensure their better functionality, higher security and higher productivity.<br \/>Although this term is often used in a fashionable, English form, the services it refers to have long been known in Serbia and the region.<\/p>\n<p>[\/et_pb_accordion_item][et_pb_accordion_item title=&#8221;2. WHY DOES MY COMPANY NEED PROFESSIONAL SUPPORT FOR MAINTENANCE OF THE BUSINESS FACILITY?&#8221; _builder_version=&#8221;4.20.4&#8243; _module_preset=&#8221;default&#8221; global_colors_info=&#8221;{}&#8221; open=&#8221;off&#8221;]By hiring experts in the field of facility management, you provide important benefits for your company:<br \/>\n&nbsp;<\/p>\n<ul>\n<li>all services in one place;<\/li>\n<li>performance of service activities by qualified persons;<\/li>\n<li>services provided with the help of professional tools, industrial machines and the most modern information technologies;<\/li>\n<li>eliminating the need for internal employment and the legal obligations it entails;<\/li>\n<li>simplified and extremely efficient management of work processes;<\/li>\n<li>cost reduction;<\/li>\n<li>a higher level of employee productivity and, indirectly, the company&#8217;s profitability.<\/li>\n<\/ul>\n<p>[\/et_pb_accordion_item][et_pb_accordion_item title=&#8221;3. WHAT TYPES OF BUSINESS FACILITY MAINTENANCE CAN I FIND IN INVEKTA?&#8221; _builder_version=&#8221;4.24.0&#8243; _module_preset=&#8221;default&#8221; global_colors_info=&#8221;{}&#8221; open=&#8221;off&#8221;]<\/p>\n<p>Our 20-year expertise includes the following services:<\/p>\n<p>&nbsp;<\/p>\n<ul>\n<li>overall hygiene maintenance of business premises of all types, sizes and purposes;<\/li>\n<li>technical maintenance;<\/li>\n<li>security;<\/li>\n<li>software management of facility maintenance;<\/li>\n<li>support services;<\/li>\n<li>winter service;<\/li>\n<li>green maintenance;<\/li>\n<li>paper confection.<\/li>\n<\/ul>\n<p>[\/et_pb_accordion_item][et_pb_accordion_item title=&#8221;4. WHAT IF UNEXPECTED CIRCUMSTANCES OCCUR WITH THE TECHNICAL MAINTENANCE OF MY COMPANY?&#8221; _builder_version=&#8221;4.19.4&#8243; _module_preset=&#8221;default&#8221; global_colors_info=&#8221;{}&#8221; open=&#8221;off&#8221;]<\/p>\n<p><span>In case of minor technical problems, our employees will carry out repairs on the spot. If, on the other hand, there are major accidents (spill of water or sewage pipes, faults in the electrical network, etc.), <\/span><em>Invekta<\/em><span> will engage the competent services on your behalf and will ensure that everything is returned to a functional state as soon as possible. <\/span><\/p>\n<p>[\/et_pb_accordion_item][et_pb_accordion_item title=&#8221;5. CAN I ARRANGE MULTIPLE SERVICES AT ONCE WITH INVEKTA?&#8221; _builder_version=&#8221;4.19.4&#8243; _module_preset=&#8221;default&#8221; global_colors_info=&#8221;{}&#8221; open=&#8221;off&#8221;]<\/p>\n<p>From the wide range of service solutions we offer, the client can choose individual or integrated services.<br \/>Integrated solutions imply the combination and unification of several services, and the program will be determined in accordance with the client&#8217;s needs and budget.<br \/>Our experience shows that combining multiple services increases efficiency, reduces unnecessary expenses and achieves significant annual savings.<\/p>\n<p>[\/et_pb_accordion_item][et_pb_accordion_item title=&#8221;6. CAN THE INVEKTA\u2019S CAPACITIES MEET THE SIMULTANEOUS REQUIREMENTS OF MULTIPLE BUSINESS OFFICES OF THE SAME COMPANY?&#8221; _builder_version=&#8221;4.19.4&#8243; _module_preset=&#8221;default&#8221; global_colors_info=&#8221;{}&#8221; open=&#8221;off&#8221;]<\/p>\n<p><span>Thanks to the human, technical and technological resources which are at our disposal, we are always ready to meet all the needs of the client, even if he\/she owns several business facilities distributed throughout Serbia.<\/span><\/p>\n<p>[\/et_pb_accordion_item][et_pb_accordion_item title=&#8221;7. WHAT MAKES INVEKTA DIFFERENT FROM OTHER COMPANIES FROM THE BUSINESS FACILITIES MAINTENANCE SECTOR?&#8221; _builder_version=&#8221;4.19.4&#8243; _module_preset=&#8221;default&#8221; global_colors_info=&#8221;{}&#8221; open=&#8221;off&#8221;]<\/p>\n<p>By permanently investing in the improvement of work and improving the quality of services, we strive to respond to all the requirements and challenges of modern business.<br \/><span>We had this goal in mind when we decided to create special software for facility maintenance management. Thanks to it, our management, as well as the client himself\/herself (completely free of charge), can 24\/7 monitor all work processes in the given company. Even in a company with a large number of work units organized in several different places.<\/span><\/p>\n<p>[\/et_pb_accordion_item][et_pb_accordion_item title=&#8221;8. WHY SHOULD I CHOOSE TO COOPERATE WITH INVEKTA?&#8221; _builder_version=&#8221;4.19.4&#8243; _module_preset=&#8221;default&#8221; global_colors_info=&#8221;{}&#8221; open=&#8221;off&#8221;]<\/p>\n<p>Two decades of successful business have secured us one of the leading positions in the field of facility management. Our high professionalism and responsibility towards each entrusted job are a guarantee of the highest service standards.<br \/>You can always rely on us because our expertise and tailor-made solutions are at the service of your business.<\/p>\n<p>[\/et_pb_accordion_item][\/et_pb_accordion][\/et_pb_column][\/et_pb_row][\/et_pb_section]<\/p>\n","protected":false},"excerpt":{"rendered":"<p>Facility management means the maintenance and management services of business facilities in order to ensure their better functionality, higher security and higher productivity.Although this term is often used in a fashionable, English form, the services it refers to have long been known in Serbia and the region.By hiring experts in the field of facility management, [&hellip;]<\/p>\n","protected":false},"author":5,"featured_media":11470,"parent":0,"menu_order":0,"comment_status":"closed","ping_status":"closed","template":"","meta":{"_et_pb_use_builder":"on","_et_pb_old_content":"1. \u0160TA SE TA\u010cNO PODRAZUMEVA POD POJMOM FASILITI MENAD\u017dMENTA (ENG. FACILITY MANAGEMENT)?\r\n\r\nFasiliti menad\u017ement ozna\u010dava usluge odr\u017eavanja i upravljanja poslovnim objektima kako bi se obezbedila njihova bolja funkcionalnost, vi\u0161a bezbednost i ve\u0107a produktivnost.\r\n\r\nIako se ovaj termin \u010desto koristi u pomodnom, engleskom obliku, usluge koje stoje iza njega odavno su poznate u Srbiji i regionu.\r\n\r\n2. ZA\u0160TO JE MOJOJ KOMPANIJI POTREBNA PROFESIONALNA PODR\u0160KA ZA ODR\u017dAVANJE POSLOVNOG OBJEKTA?\r\n\r\nAnga\u017eovanjem eksperata iz domena fasiliti menad\u017ementa, obezbe\u0111ujete va\u017ene beneficije za svoje preduze\u0107e:\r\n<ul>\r\n \t<li>sve usluge na jednom mestu;<\/li>\r\n \t<li>izvo\u0111enje servisnih aktivnosti od strane kvalifikovanih lica;<\/li>\r\n \t<li>usluge pru\u017eene uz pomo\u0107 profesionalnih alata, industrijskih ma\u0161ina i najmodernijih informacionih tehnologija;<\/li>\r\n \t<li>eliminisanje potrebe internog zapo\u0161ljavanja i zakonskih obaveza koje ono podrazumeva;<\/li>\r\n \t<li>olak\u0161ano i krajnje efikasno upravljanje radnim procesima;<\/li>\r\n \t<li>redukciju tro\u0161kova;<\/li>\r\n \t<li>vi\u0161i nivo produktivnosti zaposlenih i, posredno, profitabilnosti firme.<\/li>\r\n<\/ul>\r\n3. KOJE VRSTE ODR\u017dAVANJA POSLOVNIH OBJEKATA MOGU PRONA\u0106I U INVEKTI?\r\n\r\nU na\u0161u 20-godi\u0161nju ekspertizu, spadaju slede\u0107e usluge:\r\n<ul>\r\n \t<li>celokupno odr\u017eavanje higijene poslovnih prostora svih vrsta, veli\u010dina i namena;<\/li>\r\n \t<li>tehni\u010dko odr\u017eavanje;<\/li>\r\n \t<li>obezbe\u0111enje;<\/li>\r\n \t<li>softversko upravljanje odr\u017eavanjem objekta;<\/li>\r\n<\/ul>\r\n4. \u0160TA AKO DO\u0110E DO NEPREDVI\u0110ENIH OKOLNOSTI U SKLOPU TEHNI\u010cKOG ODR\u017dAVANJA MOG PREDUZE\u0106A?\r\n\r\nU slu\u010daju manjih tehni\u010dkih problema, na\u0161i zaposleni \u0107e na licu mesta izvr\u0161iti popravku. Ako pak do\u0111e do ve\u0107ih havarija (izlivanja vodovodnih ili kanalizacionih cevi, kvarova na elektromre\u017ei i sl.), <em>Invekta<\/em> \u0107e umesto Vas anga\u017eovati nadle\u017ene slu\u017ebe i zalo\u017eiti se da u najkra\u0107em roku sve bude vra\u0107eno u funkcionalno stanje.\r\n\r\n5. MOGU LI SA INVEKTOM DOGOVORITI VI\u0160E USLUGA ODJEDNOM?\r\n\r\nIz \u0161irokog spektra servisnih solucija koje nudimo, klijent mo\u017ee odabrati pojedina\u010dne ili integrisane usluge.\r\n\r\nIntegrisana re\u0161enja podrazumevaju kombinaciju i objedinjavanje vi\u0161e usluga, a program \u0107e biti utvr\u0111en u skladu sa potrebama i bud\u017eetom klijenta.\r\n\r\nNa\u0161e iskustvo pokazuje da se spajanjem vi\u0161e servisa pove\u0107ava efikasnost, redukuju nepotrebni rashodi i posti\u017ee zna\u010dajna u\u0161teda na godi\u0161njem nivou.\r\n\r\n6. DA LI KAPACITETI INVEKTE MOGU ISPUNITI ISTOVREMENE ZAHTEVE VI\u0160E POSLOVNICA ISTE KOMPANIJE?\r\n\r\nZahvaljuju\u0107i humanim, tehni\u010dkim i tehnolo\u0161kim resursima kojima raspola\u017eemo, u svakom trenutku smo spremni da iza\u0111emo u susret svim potrebama klijenta, \u010dak i ako poseduje vi\u0161e poslovnih objekata distribuiranih \u0161irom Srbije.\r\n\r\n7. PO \u010cEMU SE INVEKTA RAZLIKUJE OD DRUGIH FIRMI IZ SEKTORA ODR\u017dAVANJA POSLOVNIH OBJEKATA?\r\n\r\nPermanentnim ulaganjem u unapre\u0111ivanje rada i pobolj\u0161anje kvaliteta usluga, nastojimo da odgovorimo na sve zahteve i izazove savremenog poslovanja.\r\n\r\nTaj cilj smo imali na umu kada smo se odlu\u010dili na kreiranje specijalnog softvera za upravljanje odr\u017eavanjem objekata. Zahvaljuju\u0107i njemu, na\u0161 menad\u017ement, ali i klijent s\u00e2m (potpuno besplatno), mogu 24 \/ 7 kompjuterski pratiti sve radne procese u datom preduze\u0107u. Pa i u onom organizovanom u ve\u0107em broju radnih jedinica, na vi\u0161e razli\u010ditih mesta.\r\n\r\n8. ZA\u0160TO DA SE OPREDELIM ZA SARADNJU SA INVEKTOM?\r\n\r\n<a name=\"_GoBack\"><\/a> Dve decenije uspe\u0161nog poslovanja osigurali su nam jedno od vode\u0107ih mesta u oblasti fasiliti menad\u017ementa. Na\u0161a visoka profesionalnost i odgovornost prema svakom poverenom poslu, garancija su najvi\u0161ih servisnih standarda.\r\n\r\nU nas se uvek mo\u017eete pouzdati jer su na\u0161a stru\u010dnost i re\u0161enja po meri u slu\u017ebi Va\u0161eg poslovanja.","_et_gb_content_width":"","footnotes":""},"categories":[2001],"tags":[],"class_list":["post-10113","page","type-page","status-publish","has-post-thumbnail","hentry","category-maintenance-of-business-facilities"],"yoast_head":"<!-- This site is optimized with the Yoast SEO plugin v26.1.1 - https:\/\/yoast.com\/wordpress\/plugins\/seo\/ -->\n<title>Frequently asked questions || Invekta<\/title>\n<meta name=\"description\" content=\"Find all the information in one place and enhance the efficiency of your business premises. Frequently asked questions..\" \/>\n<meta name=\"robots\" content=\"index, follow, max-snippet:-1, max-image-preview:large, max-video-preview:-1\" \/>\n<link rel=\"canonical\" href=\"https:\/\/invekta.rs\/en\/frequently-asked-questions\/\" \/>\n<meta property=\"og:locale\" content=\"en_US\" \/>\n<meta property=\"og:type\" content=\"article\" \/>\n<meta property=\"og:title\" content=\"Frequently asked questions || Invekta\" \/>\n<meta property=\"og:description\" content=\"Find all the information in one place and enhance the efficiency of your business premises. Frequently asked questions..\" \/>\n<meta property=\"og:url\" content=\"https:\/\/invekta.rs\/en\/frequently-asked-questions\/\" \/>\n<meta property=\"og:site_name\" content=\"Invekta\" \/>\n<meta property=\"article:publisher\" content=\"https:\/\/www.facebook.com\/Invekta\" \/>\n<meta property=\"article:modified_time\" content=\"2024-04-15T23:27:59+00:00\" \/>\n<meta property=\"og:image\" content=\"https:\/\/invekta.rs\/wp-content\/uploads\/2024\/01\/Frequently-asked-questions.webp\" \/>\n\t<meta property=\"og:image:width\" content=\"2000\" \/>\n\t<meta property=\"og:image:height\" content=\"600\" \/>\n\t<meta property=\"og:image:type\" content=\"image\/webp\" \/>\n<meta name=\"twitter:card\" content=\"summary_large_image\" \/>\n<meta name=\"twitter:label1\" content=\"Est. reading time\" \/>\n\t<meta name=\"twitter:data1\" content=\"4 minutes\" \/>\n<!-- \/ Yoast SEO plugin. -->","yoast_head_json":{"title":"Frequently asked questions || Invekta","description":"Find all the information in one place and enhance the efficiency of your business premises. Frequently asked questions..","robots":{"index":"index","follow":"follow","max-snippet":"max-snippet:-1","max-image-preview":"max-image-preview:large","max-video-preview":"max-video-preview:-1"},"canonical":"https:\/\/invekta.rs\/en\/frequently-asked-questions\/","og_locale":"en_US","og_type":"article","og_title":"Frequently asked questions || Invekta","og_description":"Find all the information in one place and enhance the efficiency of your business premises. Frequently asked questions..","og_url":"https:\/\/invekta.rs\/en\/frequently-asked-questions\/","og_site_name":"Invekta","article_publisher":"https:\/\/www.facebook.com\/Invekta","article_modified_time":"2024-04-15T23:27:59+00:00","og_image":[{"width":2000,"height":600,"url":"https:\/\/invekta.rs\/wp-content\/uploads\/2024\/01\/Frequently-asked-questions.webp","type":"image\/webp"}],"twitter_card":"summary_large_image","twitter_misc":{"Est. reading time":"4 minutes"},"schema":{"@context":"https:\/\/schema.org","@graph":[{"@type":"WebPage","@id":"https:\/\/invekta.rs\/en\/frequently-asked-questions\/","url":"https:\/\/invekta.rs\/en\/frequently-asked-questions\/","name":"Frequently asked questions || Invekta","isPartOf":{"@id":"https:\/\/invekta.rs\/#website"},"primaryImageOfPage":{"@id":"https:\/\/invekta.rs\/en\/frequently-asked-questions\/#primaryimage"},"image":{"@id":"https:\/\/invekta.rs\/en\/frequently-asked-questions\/#primaryimage"},"thumbnailUrl":"https:\/\/invekta.rs\/wp-content\/uploads\/2024\/01\/Frequently-asked-questions.webp","datePublished":"2022-11-30T14:00:26+00:00","dateModified":"2024-04-15T23:27:59+00:00","description":"Find all the information in one place and enhance the efficiency of your business premises. Frequently asked questions..","breadcrumb":{"@id":"https:\/\/invekta.rs\/en\/frequently-asked-questions\/#breadcrumb"},"inLanguage":"en-US","potentialAction":[{"@type":"ReadAction","target":["https:\/\/invekta.rs\/en\/frequently-asked-questions\/"]}]},{"@type":"ImageObject","inLanguage":"en-US","@id":"https:\/\/invekta.rs\/en\/frequently-asked-questions\/#primaryimage","url":"https:\/\/invekta.rs\/wp-content\/uploads\/2024\/01\/Frequently-asked-questions.webp","contentUrl":"https:\/\/invekta.rs\/wp-content\/uploads\/2024\/01\/Frequently-asked-questions.webp","width":2000,"height":600,"caption":"frequently asked questions invekta 1"},{"@type":"BreadcrumbList","@id":"https:\/\/invekta.rs\/en\/frequently-asked-questions\/#breadcrumb","itemListElement":[{"@type":"ListItem","position":1,"name":"\u041f\u043e\u0447\u0435\u0442\u043d\u0430","item":"https:\/\/invekta.rs\/"},{"@type":"ListItem","position":2,"name":"Frequently asked questions"}]},{"@type":"WebSite","@id":"https:\/\/invekta.rs\/#website","url":"https:\/\/invekta.rs\/","name":"Invekta","description":"Usluge odr\u017eavanja poslovnih objekata","publisher":{"@id":"https:\/\/invekta.rs\/#organization"},"potentialAction":[{"@type":"SearchAction","target":{"@type":"EntryPoint","urlTemplate":"https:\/\/invekta.rs\/?s={search_term_string}"},"query-input":{"@type":"PropertyValueSpecification","valueRequired":true,"valueName":"search_term_string"}}],"inLanguage":"en-US"},{"@type":"Organization","@id":"https:\/\/invekta.rs\/#organization","name":"Invekta","url":"https:\/\/invekta.rs\/","logo":{"@type":"ImageObject","inLanguage":"en-US","@id":"https:\/\/invekta.rs\/#\/schema\/logo\/image\/","url":"https:\/\/invekta.rs\/wp-content\/uploads\/2022\/10\/Invekta-logo.webp","contentUrl":"https:\/\/invekta.rs\/wp-content\/uploads\/2022\/10\/Invekta-logo.webp","width":1822,"height":726,"caption":"Invekta"},"image":{"@id":"https:\/\/invekta.rs\/#\/schema\/logo\/image\/"},"sameAs":["https:\/\/www.facebook.com\/Invekta","https:\/\/www.linkedin.com\/in\/invekta-facility-management-412a30a0\/","https:\/\/www.instagram.com\/invekta_rs\/","https:\/\/www.youtube.com\/channel\/UCLb6Af5bgv8x3IsYr4y4Kwg"]}]}},"_links":{"self":[{"href":"https:\/\/invekta.rs\/en\/wp-json\/wp\/v2\/pages\/10113","targetHints":{"allow":["GET"]}}],"collection":[{"href":"https:\/\/invekta.rs\/en\/wp-json\/wp\/v2\/pages"}],"about":[{"href":"https:\/\/invekta.rs\/en\/wp-json\/wp\/v2\/types\/page"}],"author":[{"embeddable":true,"href":"https:\/\/invekta.rs\/en\/wp-json\/wp\/v2\/users\/5"}],"replies":[{"embeddable":true,"href":"https:\/\/invekta.rs\/en\/wp-json\/wp\/v2\/comments?post=10113"}],"version-history":[{"count":26,"href":"https:\/\/invekta.rs\/en\/wp-json\/wp\/v2\/pages\/10113\/revisions"}],"predecessor-version":[{"id":12091,"href":"https:\/\/invekta.rs\/en\/wp-json\/wp\/v2\/pages\/10113\/revisions\/12091"}],"wp:featuredmedia":[{"embeddable":true,"href":"https:\/\/invekta.rs\/en\/wp-json\/wp\/v2\/media\/11470"}],"wp:attachment":[{"href":"https:\/\/invekta.rs\/en\/wp-json\/wp\/v2\/media?parent=10113"}],"wp:term":[{"taxonomy":"category","embeddable":true,"href":"https:\/\/invekta.rs\/en\/wp-json\/wp\/v2\/categories?post=10113"},{"taxonomy":"post_tag","embeddable":true,"href":"https:\/\/invekta.rs\/en\/wp-json\/wp\/v2\/tags?post=10113"}],"curies":[{"name":"wp","href":"https:\/\/api.w.org\/{rel}","templated":true}]}}