{"id":13176,"date":"2023-08-01T07:17:28","date_gmt":"2023-08-01T07:17:28","guid":{"rendered":"https:\/\/invekta.rs\/privacy-policy\/"},"modified":"2024-04-28T23:29:05","modified_gmt":"2024-04-28T23:29:05","slug":"privacy-policy","status":"publish","type":"page","link":"https:\/\/invekta.rs\/en\/privacy-policy\/","title":{"rendered":"Privacy policy"},"content":{"rendered":"<p>[et_pb_section fb_built=&#8221;1&#8243; _builder_version=&#8221;4.21.0&#8243; _module_preset=&#8221;default&#8221; global_colors_info=&#8221;{}&#8221;][et_pb_row _builder_version=&#8221;4.21.0&#8243; _module_preset=&#8221;default&#8221; width=&#8221;100%&#8221; global_colors_info=&#8221;{}&#8221;][et_pb_column type=&#8221;4_4&#8243; _builder_version=&#8221;4.21.0&#8243; _module_preset=&#8221;default&#8221; global_colors_info=&#8221;{}&#8221;][et_pb_text _builder_version=&#8221;4.21.0&#8243; _module_preset=&#8221;default&#8221; custom_margin=&#8221;|0px|0px||false|false&#8221; global_colors_info=&#8221;{}&#8221;]<\/p>\n<p>We kindly ask website users to carefully read the Privacy policy to understand how <em>Invekta <\/em> company collects, uses, and processes their personal data.<\/p>\n<p>This document contains basic principles, mechanisms for protecting users&#8217; privacy, methods of verifying and accessing entered personal information, information about options for correcting or removing data from the website, as well as the control implemented over the application of the Privacy policy.<\/p>\n<p><strong>The Privacy policy applies to:<\/strong><\/p>\n<ul>\n<li>all individuals accessing the <a href=\"https:\/\/invekta.rs\/en\/\"><em>invekta.rs<\/em><\/a> website;<\/li>\n<li>users who submit Inquiry for quotation;<\/li>\n<li>candidates applying for job positions at <em>Invekta <\/em> company through the Jobs page;<\/li>\n<li>website visitors subscribing to email notifications (<em>newsletter<\/em>).<\/li>\n<\/ul>\n<p><strong>Personal data will:<\/strong><\/p>\n<ul>\n<li>Be processed lawfully, fairly, and transparently in relation to the data subject (\u201elawfulness, fairness, and transparency\u201c). Lawful processing is processing that is carried out in accordance with the Law on personal data protection, or other laws governing processing; be collected for specified, explicit, and legitimate purposes and not further processed in a manner that is incompatible with those purposes (\u201epurpose limitation\u201c);<\/li>\n<li>be adequate, relevant, and limited to what is necessary in relation to the purposes for which they are processed (\u201edata minimization\u201c);<\/li>\n<li>be accurate and, where necessary, kept up to date. Every reasonable step must be taken to ensure that personal data that are inaccurate are erased or rectified without delay (\u201eaccuracy\u201c);<\/li>\n<li>be kept in a form which permits identification of data subjects for no longer than is necessary for the purposes for which the personal data are processed (\u201estorage limitation\u201c); be processed in a manner that ensures appropriate security of the personal data, including protection against unauthorized or unlawful processing and against accidental loss, destruction, or damage, using appropriate technical or organizational measures (\u201eintegrity and confidentiality\u201c).<\/li>\n<li>df<\/li>\n<li>se obra\u0111ivati na na\u010din koji obezbe\u0111uje odgovaraju\u0107u za\u0161titu podataka o li\u010dnosti, uklju\u010duju\u0107i za\u0161titu od neovla\u0161\u0107ene ili nezakonite obrade, kao i od slu\u010dajnog gubitka, uni\u0161tenja ili o\u0161te\u0107enja primenavdadom odgovaraju\u0107ih tehni\u010dkih, organizacionih i kadrovskih mera (\u201eintegritet i poverljivost\u201c).<\/li>\n<\/ul>\n<p><strong>Saglasnost<\/strong><\/p>\n<p>Kori\u0161\u0107enjem sajta <em>invekta.rs<\/em>, korisnik pristaje na uslove Politike privatnosti. Kompanija <em>Invekta<\/em> zadr\u017eava pravo da u bilo kom trenutku izmeni uslove Politike privatnosti, o \u010demu korisnik biva blagovremeno obave\u0161ten putem prijavljene imejl-adrese.<\/p>\n<p>A minor who has reached the age of 15 may independently give consent for the processing of personal data in the use of information society services.<\/p>\n<p>If the minor is under the age of 15, for the processing of data referred to in paragraph 1 of this Article, consent must be given by the parent exercising parental rights or another legal representative of the minor. Invekta will take reasonable steps to verify whether the consent has been given by the parent exercising parental rights or another legal representative of the minor, taking into account available technologies.<\/p>\n<p><em>Invekta<\/em> \u0107e preduzeti razumne mere u cilju utvr\u0111ivanja da li je pristanak dao roditelj koji vr\u0161i roditeljsko pravo, odnosno drugi zakonski zastupnik maloletnog lica, uzimaju\u0107i u obzir dostupne tehnologije.<\/p>\n<p><strong>Kategorije podataka o li\u010dnosti i svrhe obrade<\/strong><\/p>\n<p>Vrsta i koli\u010dina podataka koje <em>invekta.rs<\/em> prima i \u010duva zavisi od na\u010dina na koji se sajt koristi. Ve\u0107ini strana se mo\u017ee pristupiti bez otkrivanja li\u010dnog identiteta ili bilo kog drugog podatka o li\u010dnosti.<\/p>\n<p>Li\u010dni podaci koje korisnik svojevoljno ostavi na sajtu <em>invekta.rs<\/em> \u010duvaju se u strogoj tajnosti i ne prosle\u0111uju se tre\u0107im licima. Koriste se samo u svrhe za koje su preuzeti ili, ako je potrebno, radi usagla\u0161avanja sa zakonskim regulativama i revizijama.<\/p>\n<p>Obave\u0161tavamo posetioce da na\u0161i mre\u017eni serveri prikupljaju i anonimna prijavljivanja na sajtu kako bi nas snabdeli korisnim informacijama za unapre\u0111enje korisni\u010dkog iskustva (metapodaci).<\/p>\n<p>To uklju\u010duje datum i vreme pristupa sajtu <em>invekta.rs<\/em>, demografske podatke (zemlja, grad, pol i starost korisnika), nazive pose\u0107enih strana, vreme zadr\u017eavanja na pojedina\u010dnim stranama, koli\u010dinu prenetih (preuzetih i ostavljenih) podataka, status prenosa, IP-adresu korisnika, evidenciju broja poseta, naziv veb-pretra\u017eiva\u010da, operativni sistem i interfejs, jezik i verziju softvera pretra\u017eiva\u010da, odnosno ure\u0111aj i izvor sa kog se pristupilo sajtu (veb pretra\u017eiva\u010d, dru\u0161tvene mre\u017ee, direktna pretraga).<\/p>\n<p>Za vi\u0161e informacija, pogledati ni\u017ee navedenu Izjavu o kori\u0161\u0107enju kola\u010di\u0107a.<\/p>\n<p>Ukoliko korisnik ima prigovor u pogledu prikupljanja i obrade li\u010dnih podataka, mo\u017ee ga poslati na imejl-adresu <span><a href=\"mailto:office@invekta.rs\">office@invekta.rs<\/a><\/span>.<\/p>\n<p>Prigovor mo\u017ee uputiti i nadle\u017enim organima \u2013 Povereniku za informacije od javnog zna\u010daja i za\u0161titu podataka o li\u010dnosti (Bulevar Kralja Aleksandra 15, 11000 Beograd, office@<em>poverenik<\/em>.rs) i nadle\u017enom sudu.<\/p>\n<p><strong>Prijava za posao<\/strong><\/p>\n<p>Svi podaci kandidata za posao (uklju\u010duju\u0107i i prilo\u017eene dokumente) pohranjuju se u arhivi kompanije <em>Invekta <\/em>u svrhu selekcije aplikanata u skladu sa otvorenim radnim pozicijama i onima koje trenutno nisu aktuelne, a za koje se korisnik dobrovoljno unapred prijavio.<\/p>\n<p>Podaci o kandidatima se \u010duvaju i obra\u0111uju radi stupanja u kontakt sa aplikantom povodom intervjua, odnosno potencijalnog zaposlenja u kompaniji <em>Invekta<\/em>.<\/p>\n<p><strong>Spoljni linkovi<\/strong><\/p>\n<p>Obave\u0161tavamo posetioce da sajt <em>invekta.rs <\/em>sadr\u017ei veze ka drugim Internet stranicama (Meta, YouTube, Google i dr.), \u010dija se politika privatnosti i prikupljanje informacija o posetiocima mogu razlikovati od politike privatnosti <em>Invekte.<\/em><\/p>\n<p>Kompanija <em>Invekta <\/em>ne snosi zakonsku ili bilo koju drugu odgovornost za podatke koje pohranjuju druge Internet stranice.<\/p>\n<p>Dr\u017eavni organi<\/p>\n<p>U skladu sa <span><a href=\"https:\/\/www.minrzs.gov.rs\/sites\/default\/files\/2018-11\/Zakon%20o%20zastiti%20podataka%20o%20licnosti.pdf\"><strong>Zakonom o za\u0161titi podataka o li\u010dnosti<\/strong><\/a><\/span> (Sl. glasnik br. 87\/2018), kompanija <em>Invekta <\/em>li\u010dne podatke posetilaca sajta mo\u017ee proslediti dr\u017eavnim organima, zakonodavnim i izvr\u0161nim (koji sprovode zakonske, podzakonske akte i propise), kao i pravnim slu\u017ebama.<\/p>\n<p><strong>Opoziv saglasnosti<\/strong><\/p>\n<p>Korisnici sajta u bilo kom trenutku pisanim putem mogu zatra\u017eiti uvid u svoje li\u010dne podatke, opozvati saglasnost za njihovo prikupljanje i obradu, te zahtevati njihovo permanentno ili privremeno brisanje.<br \/><span> <\/span><\/p>\n<p>[\/et_pb_text][et_pb_text module_id=&#8221;cookies1&#8243; _builder_version=&#8221;4.22.2&#8243; _module_preset=&#8221;default&#8221; global_colors_info=&#8221;{}&#8221;]<\/p>\n<p><strong>Cookie Usage Statement<\/strong><\/p>\n<p>The website user can accept or reject the offered cookies (standard files that collect small amounts of data to enhance the user experience).<\/p>\n<p>The company <em>Invekta <\/em> also uses cookies to gather general statistical information (date and time of access to the invekta.rs website, demographic data \u2013 country, city, gender, and age of users, names of visited pages, time spent on individual pages, amount of data transferred \u2013 downloaded and submitted, transfer status, user&#8217;s IP address, record of the number of visits, name of web browser, operating system and interface, language and version of browser software, device and source from which the website was accessed \u2013 web browser, social networks, direct search) in order to improve the website.<\/p>\n<p>If the visitor agrees to them, they automatically consent to recognizing the device from which they browse the website <em>invekta.rs<\/em> and remembering the parameters of their searches on the site.<\/p>\n<p>In case of refusal, the user limits the functionality of the website, and some pages may not be displayed correctly to them.<\/p>\n<p><strong>Data security&#8221;<\/strong><\/p>\n<p>The company <em>Invekta<\/em> stores user data in a controlled and secure environment, taking all necessary measures to protect information from unauthorized access, use, disclosure, transmission, and loss.<\/p>\n<p>However, despite all efforts to protect the personal information of users of the <em>invekta.rs<\/em> website, we cannot guarantee absolute security due to the public access of the Internet as a medium.<br \/><span> <\/span><\/p>\n<p>[\/et_pb_text][\/et_pb_column][\/et_pb_row][\/et_pb_section]<\/p>\n","protected":false},"excerpt":{"rendered":"<p>We kindly ask website users to carefully read the Privacy policy to understand how Invekta company collects, uses, and processes their personal data. This document contains basic principles, mechanisms for protecting users&#8217; privacy, methods of verifying and accessing entered personal information, information about options for correcting or removing data from the website, as well as [&hellip;]<\/p>\n","protected":false},"author":5,"featured_media":10068,"parent":0,"menu_order":0,"comment_status":"closed","ping_status":"closed","template":"","meta":{"_et_pb_use_builder":"on","_et_pb_old_content":"","_et_gb_content_width":"","footnotes":""},"categories":[],"tags":[],"class_list":["post-13176","page","type-page","status-publish","has-post-thumbnail","hentry"],"yoast_head":"<!-- This site is optimized with the Yoast SEO plugin v26.1.1 - https:\/\/yoast.com\/wordpress\/plugins\/seo\/ -->\n<title>Privacy policy || Invekta<\/title>\n<meta name=\"description\" content=\"The privacy policy is important for visitors to the Invekta site because it will help them better understand why and how their data is collected.\" \/>\n<meta name=\"robots\" content=\"index, follow, max-snippet:-1, max-image-preview:large, max-video-preview:-1\" \/>\n<link rel=\"canonical\" href=\"https:\/\/invekta.rs\/politika-privatnosti\/\" \/>\n<meta property=\"og:locale\" content=\"en_US\" \/>\n<meta property=\"og:type\" content=\"article\" \/>\n<meta property=\"og:title\" content=\"Privacy policy || Invekta\" \/>\n<meta property=\"og:description\" content=\"The privacy policy is important for visitors to the Invekta site because it will help them better understand why and how their data is collected.\" \/>\n<meta property=\"og:url\" content=\"https:\/\/invekta.rs\/politika-privatnosti\/\" \/>\n<meta property=\"og:site_name\" content=\"Invekta\" \/>\n<meta property=\"article:publisher\" content=\"https:\/\/www.facebook.com\/Invekta\" \/>\n<meta property=\"article:modified_time\" content=\"2024-04-28T23:29:05+00:00\" \/>\n<meta property=\"og:image\" content=\"https:\/\/invekta.rs\/wp-content\/uploads\/2023\/04\/Baner_Invecta-Zasto-mi-1.webp\" \/>\n\t<meta property=\"og:image:width\" content=\"1800\" \/>\n\t<meta property=\"og:image:height\" content=\"600\" \/>\n\t<meta property=\"og:image:type\" content=\"image\/webp\" \/>\n<meta name=\"twitter:card\" content=\"summary_large_image\" \/>\n<meta name=\"twitter:label1\" content=\"Est. reading time\" \/>\n\t<meta name=\"twitter:data1\" content=\"7 minutes\" \/>\n<!-- \/ Yoast SEO plugin. -->","yoast_head_json":{"title":"Privacy policy || Invekta","description":"The privacy policy is important for visitors to the Invekta site because it will help them better understand why and how their data is collected.","robots":{"index":"index","follow":"follow","max-snippet":"max-snippet:-1","max-image-preview":"max-image-preview:large","max-video-preview":"max-video-preview:-1"},"canonical":"https:\/\/invekta.rs\/politika-privatnosti\/","og_locale":"en_US","og_type":"article","og_title":"Privacy policy || Invekta","og_description":"The privacy policy is important for visitors to the Invekta site because it will help them better understand why and how their data is collected.","og_url":"https:\/\/invekta.rs\/politika-privatnosti\/","og_site_name":"Invekta","article_publisher":"https:\/\/www.facebook.com\/Invekta","article_modified_time":"2024-04-28T23:29:05+00:00","og_image":[{"width":1800,"height":600,"url":"https:\/\/invekta.rs\/wp-content\/uploads\/2023\/04\/Baner_Invecta-Zasto-mi-1.webp","type":"image\/webp"}],"twitter_card":"summary_large_image","twitter_misc":{"Est. reading time":"7 minutes"},"schema":{"@context":"https:\/\/schema.org","@graph":[{"@type":"WebPage","@id":"https:\/\/invekta.rs\/politika-privatnosti\/","url":"https:\/\/invekta.rs\/politika-privatnosti\/","name":"Privacy policy || Invekta","isPartOf":{"@id":"https:\/\/invekta.rs\/#website"},"primaryImageOfPage":{"@id":"https:\/\/invekta.rs\/politika-privatnosti\/#primaryimage"},"image":{"@id":"https:\/\/invekta.rs\/politika-privatnosti\/#primaryimage"},"thumbnailUrl":"https:\/\/invekta.rs\/wp-content\/uploads\/2023\/04\/Baner_Invecta-Zasto-mi-1.webp","datePublished":"2023-08-01T07:17:28+00:00","dateModified":"2024-04-28T23:29:05+00:00","description":"The privacy policy is important for visitors to the Invekta site because it will help them better understand why and how their data is collected.","breadcrumb":{"@id":"https:\/\/invekta.rs\/politika-privatnosti\/#breadcrumb"},"inLanguage":"en-US","potentialAction":[{"@type":"ReadAction","target":["https:\/\/invekta.rs\/politika-privatnosti\/"]}]},{"@type":"ImageObject","inLanguage":"en-US","@id":"https:\/\/invekta.rs\/politika-privatnosti\/#primaryimage","url":"https:\/\/invekta.rs\/wp-content\/uploads\/2023\/04\/Baner_Invecta-Zasto-mi-1.webp","contentUrl":"https:\/\/invekta.rs\/wp-content\/uploads\/2023\/04\/Baner_Invecta-Zasto-mi-1.webp","width":1800,"height":600,"caption":"mapa sajta naslovna invekta 1"},{"@type":"BreadcrumbList","@id":"https:\/\/invekta.rs\/politika-privatnosti\/#breadcrumb","itemListElement":[{"@type":"ListItem","position":1,"name":"\u041f\u043e\u0447\u0435\u0442\u043d\u0430","item":"https:\/\/invekta.rs\/"},{"@type":"ListItem","position":2,"name":"Privacy policy"}]},{"@type":"WebSite","@id":"https:\/\/invekta.rs\/#website","url":"https:\/\/invekta.rs\/","name":"Invekta","description":"Usluge odr\u017eavanja poslovnih objekata","publisher":{"@id":"https:\/\/invekta.rs\/#organization"},"potentialAction":[{"@type":"SearchAction","target":{"@type":"EntryPoint","urlTemplate":"https:\/\/invekta.rs\/?s={search_term_string}"},"query-input":{"@type":"PropertyValueSpecification","valueRequired":true,"valueName":"search_term_string"}}],"inLanguage":"en-US"},{"@type":"Organization","@id":"https:\/\/invekta.rs\/#organization","name":"Invekta","url":"https:\/\/invekta.rs\/","logo":{"@type":"ImageObject","inLanguage":"en-US","@id":"https:\/\/invekta.rs\/#\/schema\/logo\/image\/","url":"https:\/\/invekta.rs\/wp-content\/uploads\/2022\/10\/Invekta-logo.webp","contentUrl":"https:\/\/invekta.rs\/wp-content\/uploads\/2022\/10\/Invekta-logo.webp","width":1822,"height":726,"caption":"Invekta"},"image":{"@id":"https:\/\/invekta.rs\/#\/schema\/logo\/image\/"},"sameAs":["https:\/\/www.facebook.com\/Invekta","https:\/\/www.linkedin.com\/in\/invekta-facility-management-412a30a0\/","https:\/\/www.instagram.com\/invekta_rs\/","https:\/\/www.youtube.com\/channel\/UCLb6Af5bgv8x3IsYr4y4Kwg"]}]}},"_links":{"self":[{"href":"https:\/\/invekta.rs\/en\/wp-json\/wp\/v2\/pages\/13176","targetHints":{"allow":["GET"]}}],"collection":[{"href":"https:\/\/invekta.rs\/en\/wp-json\/wp\/v2\/pages"}],"about":[{"href":"https:\/\/invekta.rs\/en\/wp-json\/wp\/v2\/types\/page"}],"author":[{"embeddable":true,"href":"https:\/\/invekta.rs\/en\/wp-json\/wp\/v2\/users\/5"}],"replies":[{"embeddable":true,"href":"https:\/\/invekta.rs\/en\/wp-json\/wp\/v2\/comments?post=13176"}],"version-history":[{"count":11,"href":"https:\/\/invekta.rs\/en\/wp-json\/wp\/v2\/pages\/13176\/revisions"}],"predecessor-version":[{"id":13188,"href":"https:\/\/invekta.rs\/en\/wp-json\/wp\/v2\/pages\/13176\/revisions\/13188"}],"wp:featuredmedia":[{"embeddable":true,"href":"https:\/\/invekta.rs\/en\/wp-json\/wp\/v2\/media\/10068"}],"wp:attachment":[{"href":"https:\/\/invekta.rs\/en\/wp-json\/wp\/v2\/media?parent=13176"}],"wp:term":[{"taxonomy":"category","embeddable":true,"href":"https:\/\/invekta.rs\/en\/wp-json\/wp\/v2\/categories?post=13176"},{"taxonomy":"post_tag","embeddable":true,"href":"https:\/\/invekta.rs\/en\/wp-json\/wp\/v2\/tags?post=13176"}],"curies":[{"name":"wp","href":"https:\/\/api.w.org\/{rel}","templated":true}]}}